{"id":3,"date":"2024-02-26T11:27:29","date_gmt":"2024-02-26T10:27:29","guid":{"rendered":"http:\/\/bullet-network.com\/?page_id=3"},"modified":"2024-06-22T00:05:22","modified_gmt":"2024-06-21T22:05:22","slug":"privacy-policy","status":"publish","type":"page","link":"https:\/\/bullet-network.com\/it\/privacy-policy\/","title":{"rendered":"Privacy Policy"},"content":{"rendered":"\n<p><strong>DYNAMIC SOLUTIONS S.R.L.<\/strong> con sede legale in VIA USODIMARE 3, 37138 VERONA (VR), Partita IVA: 02954300238 &#8211; Codice Fiscale: 02050650403 (di seguito, anche \u201cDYNAMIC SOLUTIONS\u201d) e il Partner (di seguito, anche il \u201cPartner\u201d e, insieme con DYNAMIC SOLUTIONS, i \u201cTitolari\u201d), in qualit\u00e0 di titolari autonomi del trattamento dei dati personali degli utenti (di seguito, gli \u201cUtenti\u201d) che navigano e che usufruiscono dei servizi disponibili sul siti internet del gruppo bullet-network.com  (di seguito, i \u201cSiti\u201d e i \u201cServizi\u201d) forniscono qui di seguito l\u2019informativa privacy ai sensi dell\u2019art. 13 del Regolamento UE 2016\/679 del 27 aprile 2016 (di seguito, \u201cRegolamento\u201d, o anche la \u201cNormativa Applicabile\u201d).<\/p>\n\n\n\n<p>I Siti a cui si fa riferimento sono:<\/p>\n\n\n\n<ul class=\"wp-block-list\">\n<li>www.bullet-network.com<\/li>\n\n\n\n<li>www.finance-bullet.it<\/li>\n\n\n\n<li>www.finance-bullet.com<\/li>\n\n\n\n<li>www.ai-bullet.it<\/li>\n\n\n\n<li>www.ai-bullet.com<\/li>\n\n\n\n<li>www.tech-bullet.it<\/li>\n\n\n\n<li>www.tech-bullet.com<\/li>\n\n\n\n<li>www.travel-bullet.it<\/li>\n\n\n\n<li>www.travel-bullet.com<\/li>\n\n\n\n<li>www.agri-bullet.it<\/li>\n\n\n\n<li>www.pharma-bullet.it<\/li>\n\n\n\n<li>www.legal-bullet.it<\/li>\n\n\n\n<li>www.pro-bullet.it<\/li>\n\n\n\n<li>www.pop-bullet.it<\/li>\n\n\n\n<li>www.event-bullet.it<\/li>\n\n\n\n<li>www.mind-bullet.it<\/li>\n\n\n\n<li>www.edu-bullet.it<\/li>\n\n\n\n<li>www.pay-bullet.it<\/li>\n\n\n\n<li>www.energy-bullet.it<\/li>\n\n\n\n<li>www.consumer-bullet.it<\/li>\n\n\n\n<li>www.elzevir.it<\/li>\n\n\n\n<li>www.search-bullet.it<\/li>\n<\/ul>\n\n\n\n<p><\/p>\n\n\n\n<p><\/p>\n\n\n\n<p>Questi Siti e i Servizi sono riservati a soggetti che hanno compiuto il diciottesimo anno di et\u00e0. I Titolari non raccolgono quindi dati personali relativi ai soggetti minori di anni 18. Su richiesta degli Utenti, i Titolari cancelleranno tempestivamente tutti i dati personali involontariamente raccolti e relativi a soggetti minori di anni 18.<\/p>\n\n\n\n<p>I Titolari tengono nella massima considerazione il diritto alla privacy ed alla protezione dei dati personali dei propri Utenti. Per ogni informazione in relazione alla presente informativa privacy, gli Utenti possono contattare i Titolari in qualsiasi momento, utilizzando le seguenti modalit\u00e0:<\/p>\n\n\n\n<p>Per DYNAMIC SOLUTIONS S.R.L.:<br>&#8211; Inviando una raccomandata a\/r alla sede legale del Titolare (VIA USODIMARE 3, 37138 VERONA (VR));<br>&#8211; Inviando un messaggio di posta elettronica all\u2019indirizzo info@bullet-network.com.<\/p>\n\n\n\n<p>Per il Partner:<br>&#8211; Inviando una raccomandata a\/r alla sede legale del Titolare;<br>&#8211; Inviando un messaggio di posta elettronica all\u2019indirizzo del Partner.<\/p>\n\n\n\n<p>Gli Utenti possono anche contattare il Responsabile della protezione dei dati (RPD o DPO) di DYNAMIC SOLUTIONS S.R.L..<\/p>\n\n\n\n<p>Il Partner non ha individuato la figura del Responsabile della protezione dei dati (RPD o DPO), in quanto non \u00e8 soggetto all\u2019obbligo di designazione previsto dall\u2019art. 37 del Regolamento.<\/p>\n\n\n\n<h3 class=\"wp-block-heading\">Finalit\u00e0 del trattamento<\/h3>\n\n\n\n<p>I dati personali degli Utenti saranno trattati lecitamente dai Titolari ai sensi dell\u2019art. 6 del Regolamento per le seguenti finalit\u00e0 di trattamento:<\/p>\n\n\n\n<p>a) obblighi contrattuali e fornitura dei Servizi:<br>Per permettere l\u2019acquisto dei contenuti digitali venduti tramite i Siti, i dati trattati sono: il nome, il cognome, indirizzo di residenza\/domicilio, indirizzo e-mail nonch\u00e9 tutte le informazioni personali dell\u2019Utente eventualmente e volontariamente comunicate.<\/p>\n\n\n\n<p>I dati personali dell\u2019Utente saranno utilizzati da DYNAMIC SOLUTIONS S.R.L. al fine esclusivo di accertare l\u2019identit\u00e0 dell\u2019Utente (anche tramite validazione dell\u2019indirizzo di posta elettronica), evitando cos\u00ec possibili truffe o abusi, e contattare l\u2019Utente per sole ragioni di servizio (es. inviare comunicazioni relative ai Servizi) e\/o gestire gli ordini e le richieste come sopra indicato. Fermo restando quanto previsto altrove in questa informativa privacy, in nessun caso, DYNAMIC SOLUTIONS S.R.L. render\u00e0 accessibili agli altri Utenti e\/o a terzi i dati personali degli Utenti.<\/p>\n\n\n\n<p>La base giuridica su cui si fonda il trattamento \u00e8 la necessit\u00e0 di dare esecuzione ad obblighi precontrattuali e contrattuali di cui l\u2019Utente \u00e8 parte. Il conferimento dei dati personali per le finalit\u00e0 di trattamento sopra indicate \u00e8 facoltativo, ma necessario, poich\u00e9 il mancato conferimento degli stessi comporter\u00e0 l\u2019impossibilit\u00e0 per l\u2019Utente di fruire dei Servizi e acquistare i Prodotti sui Siti o ricevere assistenza post-vendita.<\/p>\n\n\n\n<p>b) finalit\u00e0 amministrativo-contabili, ovvero per svolgere attivit\u00e0 di natura organizzativa, amministrativa, finanziaria e contabile, quali attivit\u00e0 organizzative interne ed attivit\u00e0 funzionali all\u2019adempimento di obblighi contrattuali e precontrattuali, a titolo esemplificativo emissione delle ricevute di acquisto e\/o fatture;<\/p>\n\n\n\n<p>c) finalit\u00e0 di legge, ovvero per adempiere ad obblighi previsti dalla legge, da un\u2019autorit\u00e0, da un regolamento o dalla normativa europea.<\/p>\n\n\n\n<p>Modalit\u00e0 di trattamento<br>I Titolari tratteranno i dati personali degli Utenti mediante strumenti manuali ed informatici, con logiche strettamente correlate alle finalit\u00e0 stesse e, comunque, in modo da garantire la sicurezza e la riservatezza dei dati stessi.<\/p>\n\n\n\n<p>Tempi di conservazione dei dati<br>I dati personali degli Utenti saranno conservati per i tempi strettamente necessari ad espletare le finalit\u00e0 primarie illustrate al precedente paragrafo, o comunque secondo quanto disposto dalla legge \/o necessario per la tutela in sede civilistica degli interessi sia degli Utenti che dei Titolari.<\/p>\n\n\n\n<p>Ambito di comunicazione e diffusione dei dati<br>Potranno venire a conoscenza dei dati personali degli Utenti, i dipendenti e\/o collaboratori dei Titolari incaricati di gestire i Siti e tutti i servizi connessi alla fornitura dei Servizi. Tali soggetti, che sono stati istruiti in tal senso dai Titolari ai sensi dell\u2019articolo 29 del Regolamento, tratteranno i dati degli Utenti esclusivamente per le finalit\u00e0 indicate nella presente informativa e nel rispetto delle previsioni della Normativa Applicabile.<\/p>\n","protected":false},"excerpt":{"rendered":"<p>DYNAMIC SOLUTIONS S.R.L. con sede legale in VIA USODIMARE 3, 37138 VERONA (VR), Partita IVA: 02954300238 &#8211; Codice Fiscale: 02050650403 (di seguito, anche \u201cDYNAMIC SOLUTIONS\u201d) e il Partner (di seguito, anche il \u201cPartner\u201d e, insieme con DYNAMIC SOLUTIONS, i \u201cTitolari\u201d), in qualit\u00e0 di titolari autonomi del trattamento dei dati personali degli utenti (di seguito, gli [&hellip;]<\/p>\n","protected":false},"author":1,"featured_media":0,"parent":0,"menu_order":0,"comment_status":"closed","ping_status":"open","template":"","meta":{"_acf_changed":false,"footnotes":""},"class_list":["post-3","page","type-page","status-publish","hentry"],"blocksy_meta":[],"acf":[],"featured_image_urls":{"full":"","thumbnail":"","medium":"","medium_large":"","large":"","1536x1536":"","2048x2048":""},"post_excerpt_stackable":"<p>DYNAMIC SOLUTIONS S.R.L. con sede legale in VIA USODIMARE 3, 37138 VERONA (VR), Partita IVA: 02954300238 &#8211; Codice Fiscale: 02050650403 (di seguito, anche \u201cDYNAMIC SOLUTIONS\u201d) e il Partner (di seguito, anche il \u201cPartner\u201d e, insieme con DYNAMIC SOLUTIONS, i \u201cTitolari\u201d), in qualit\u00e0 di titolari autonomi del trattamento dei dati personali degli utenti (di seguito, gli \u201cUtenti\u201d) che navigano e che usufruiscono dei servizi disponibili sul siti internet del gruppo bullet-network.com (di seguito, i \u201cSiti\u201d e i \u201cServizi\u201d) forniscono qui di seguito l\u2019informativa privacy ai sensi dell\u2019art. 13 del Regolamento UE 2016\/679 del 27 aprile 2016 (di seguito, \u201cRegolamento\u201d, o anche&hellip;<\/p>\n","category_list":"","author_info":{"name":"adm","url":"https:\/\/bullet-network.com\/it\/author\/barre\/"},"comments_num":"0 commenti","_links":{"self":[{"href":"https:\/\/bullet-network.com\/it\/wp-json\/wp\/v2\/pages\/3","targetHints":{"allow":["GET"]}}],"collection":[{"href":"https:\/\/bullet-network.com\/it\/wp-json\/wp\/v2\/pages"}],"about":[{"href":"https:\/\/bullet-network.com\/it\/wp-json\/wp\/v2\/types\/page"}],"author":[{"embeddable":true,"href":"https:\/\/bullet-network.com\/it\/wp-json\/wp\/v2\/users\/1"}],"replies":[{"embeddable":true,"href":"https:\/\/bullet-network.com\/it\/wp-json\/wp\/v2\/comments?post=3"}],"version-history":[{"count":4,"href":"https:\/\/bullet-network.com\/it\/wp-json\/wp\/v2\/pages\/3\/revisions"}],"predecessor-version":[{"id":45939,"href":"https:\/\/bullet-network.com\/it\/wp-json\/wp\/v2\/pages\/3\/revisions\/45939"}],"wp:attachment":[{"href":"https:\/\/bullet-network.com\/it\/wp-json\/wp\/v2\/media?parent=3"}],"curies":[{"name":"wp","href":"https:\/\/api.w.org\/{rel}","templated":true}]}}